{"id":101,"date":"2023-08-29T15:57:04","date_gmt":"2023-08-29T15:57:04","guid":{"rendered":"https:\/\/tdelrio.es\/?page_id=101"},"modified":"2024-03-12T10:01:33","modified_gmt":"2024-03-12T10:01:33","slug":"servicios","status":"publish","type":"page","link":"https:\/\/tdelrio.es\/index.php\/servicios\/","title":{"rendered":"SERVICIOS"},"content":{"rendered":"\n[et_pb_section fb_built=\u00bb1&#8243; custom_padding_last_edited=\u00bbon|tablet\u00bb admin_label=\u00bbHero\u00bb _builder_version=\u00bb4.21.0&#8243; use_background_color_gradient=\u00bbon\u00bb background_color_gradient_stops=\u00bbrgba(255,255,255,0.84) 0%|#ffffff 100%\u00bb background_color_gradient_overlays_image=\u00bbon\u00bb background_color_gradient_start=\u00bbrgba(255,255,255,0.84)\u00bb background_color_gradient_end=\u00bb#ffffff\u00bb background_image=\u00bbhttps:\/\/tdelrio.es\/wp-content\/uploads\/2023\/08\/IMG_2108-1.jpeg\u00bb custom_margin=\u00bb0px|||\u00bb custom_padding=\u00bb0px|10%|0px|10%|true|true\u00bb custom_padding_tablet=\u00bb|30px||30px||true\u00bb custom_padding_phone=\u00bb|||||true\u00bb locked=\u00bboff\u00bb global_colors_info=\u00bb{}\u00bb][et_pb_row column_structure=\u00bb2_3,1_3&#8243; padding_top_bottom_link_1=\u00bbfalse\u00bb padding_left_right_link_1=\u00bbtrue\u00bb _builder_version=\u00bb4.16&#8243; background_size=\u00bbinitial\u00bb background_position=\u00bbtop_left\u00bb width=\u00bb100%\u00bb max_width=\u00bb100%\u00bb custom_margin=\u00bb|||\u00bb custom_padding=\u00bb0||0px||false|false\u00bb use_custom_width=\u00bbon\u00bb width_unit=\u00bboff\u00bb custom_width_percent=\u00bb100%\u00bb global_colors_info=\u00bb{}\u00bb][et_pb_column type=\u00bb2_3&#8243; _builder_version=\u00bb4.16&#8243; use_background_color_gradient=\u00bbon\u00bb background_color_gradient_stops=\u00bbrgba(0,0,0,0.07) 0%|rgba(255,255,255,0) 100%\u00bb background_color_gradient_start=\u00bbrgba(0,0,0,0.07)\u00bb background_color_gradient_end=\u00bbrgba(255,255,255,0)\u00bb custom_padding=\u00bb10vw|40px|80px|40px\u00bb custom_padding_tablet=\u00bb|||\u00bb custom_padding_phone=\u00bb|10px||10px||true\u00bb custom_padding_last_edited=\u00bbon|desktop\u00bb global_colors_info=\u00bb{}\u00bb padding_phone=\u00bb|10px||10px||true\u00bb padding_tablet=\u00bb|||\u00bb padding_last_edited=\u00bbon|desktop\u00bb custom_padding__hover=\u00bb|||\u00bb][et_pb_text _builder_version=\u00bb4.16&#8243; text_font=\u00bbLato||||||||\u00bb text_font_size=\u00bb20px\u00bb text_line_height=\u00bb1.8em\u00bb ul_font=\u00bb||||||||\u00bb ol_font=\u00bb||||||||\u00bb header_font=\u00bbTeko|500||on|||||\u00bb header_text_color=\u00bb#000000&#8243; header_font_size=\u00bb9vw\u00bb header_letter_spacing=\u00bb0.05em\u00bb header_line_height=\u00bb0.9em\u00bb custom_margin=\u00bb|-10vw|0px|\u00bb custom_margin_tablet=\u00bb|0vw||\u00bb custom_margin_phone=\u00bb|-5vw||\u00bb custom_margin_last_edited=\u00bbon|tablet\u00bb animation_style=\u00bbzoom\u00bb animation_delay=\u00bb100ms\u00bb animation_intensity_zoom=\u00bb10%\u00bb header_font_size_tablet=\u00bb\u00bb header_font_size_phone=\u00bb\u00bb header_font_size_last_edited=\u00bbon|phone\u00bb header_line_height_tablet=\u00bb\u00bb header_line_height_phone=\u00bb1.2em\u00bb header_line_height_last_edited=\u00bbon|phone\u00bb header_text_shadow_style=\u00bbpreset1&#8243; header_text_shadow_vertical_length=\u00bb0.18em\u00bb header_text_shadow_blur_strength=\u00bb0.27em\u00bb header_text_shadow_color=\u00bbrgba(0,0,0,0.24)\u00bb global_colors_info=\u00bb{}\u00bb]<h1>NUESTROS SERVICIOS<\/h1>[\/et_pb_text][\/et_pb_column][et_pb_column type=\u00bb1_3&#8243; _builder_version=\u00bb4.16&#8243; custom_padding=\u00bb|||\u00bb global_colors_info=\u00bb{}\u00bb custom_padding__hover=\u00bb|||\u00bb][\/et_pb_column][\/et_pb_row][\/et_pb_section][et_pb_section fb_built=\u00bb1&#8243; prev_background_color=\u00bb#ffffff\u00bb admin_label=\u00bbResources\u00bb _builder_version=\u00bb4.21.0&#8243; use_background_color_gradient=\u00bbon\u00bb background_color_gradient_stops=\u00bbrgba(27,31,37,0.6) 0%|#1b1f25 100%\u00bb background_color_gradient_overlays_image=\u00bbon\u00bb background_color_gradient_start=\u00bbrgba(27,31,37,0.6)\u00bb background_color_gradient_end=\u00bb#1b1f25&#8243; background_image=\u00bbhttps:\/\/tdelrio.es\/wp-content\/uploads\/2023\/08\/IMG_2109.jpeg\u00bb custom_padding=\u00bb150px||78px||false|false\u00bb top_divider_style=\u00bbarrow\u00bb top_divider_height_tablet=\u00bb\u00bb top_divider_height_phone=\u00bb50px\u00bb top_divider_height_last_edited=\u00bbon|phone\u00bb bottom_divider_style=\u00bbarrow\u00bb bottom_divider_color=\u00bb#000000&#8243; global_colors_info=\u00bb{}\u00bb][et_pb_row _builder_version=\u00bb4.16&#8243; module_alignment=\u00bbcenter\u00bb custom_width_px=\u00bb700px\u00bb global_colors_info=\u00bb{}\u00bb][et_pb_column type=\u00bb4_4&#8243; _builder_version=\u00bb4.16&#8243; custom_padding=\u00bb|||\u00bb global_colors_info=\u00bb{}\u00bb custom_padding__hover=\u00bb|||\u00bb][et_pb_text _builder_version=\u00bb4.16&#8243; text_font=\u00bbLato||||||||\u00bb text_font_size=\u00bb20px\u00bb text_line_height=\u00bb1.8em\u00bb ul_font=\u00bb||||||||\u00bb ol_font=\u00bb||||||||\u00bb header_font=\u00bb||||||||\u00bb header_2_font=\u00bbTeko||||||||\u00bb header_2_font_size=\u00bb96px\u00bb header_3_font=\u00bb||||||||\u00bb header_4_font=\u00bb||||||||\u00bb header_5_font=\u00bb||||||||\u00bb header_6_font=\u00bb||||||||\u00bb text_orientation=\u00bbcenter\u00bb background_layout=\u00bbdark\u00bb max_width=\u00bb700px\u00bb module_alignment=\u00bbcenter\u00bb custom_margin=\u00bb||0px|\u00bb header_2_font_size_tablet=\u00bb66px\u00bb header_2_font_size_phone=\u00bb36px\u00bb header_2_font_size_last_edited=\u00bbon|phone\u00bb global_colors_info=\u00bb{}\u00bb]<h2>TDR tu soluci\u00f3n<\/h2>[\/et_pb_text][\/et_pb_column][\/et_pb_row][et_pb_row column_structure=\u00bb1_3,1_3,1_3&#8243; _builder_version=\u00bb4.16&#8243; custom_margin=\u00bb30px|||\u00bb global_colors_info=\u00bb{}\u00bb][et_pb_column type=\u00bb1_3&#8243; _builder_version=\u00bb4.16&#8243; custom_padding=\u00bb|||\u00bb global_colors_info=\u00bb{}\u00bb custom_padding__hover=\u00bb|||\u00bb][et_pb_blurb title=\u00bbDe profesional a profesional\u00bb use_icon=\u00bbon\u00bb _builder_version=\u00bb4.21.0&#8243; header_font=\u00bbTeko|500|||||||\u00bb header_text_color=\u00bb#FFFFFF\u00bb header_font_size=\u00bb28px\u00bb header_line_height=\u00bb1.4em\u00bb body_font=\u00bbLato||||||||\u00bb body_text_color=\u00bb#000000&#8243; body_font_size=\u00bb18px\u00bb body_line_height=\u00bb1.8em\u00bb text_orientation=\u00bbcenter\u00bb global_colors_info=\u00bb{}\u00bb][\/et_pb_blurb][\/et_pb_column][et_pb_column type=\u00bb1_3&#8243; _builder_version=\u00bb4.16&#8243; custom_padding=\u00bb|||\u00bb global_colors_info=\u00bb{}\u00bb custom_padding__hover=\u00bb|||\u00bb][et_pb_blurb title=\u00bbEspecialistas en recambios de autom\u00f3vil\u00bb use_icon=\u00bbon\u00bb _builder_version=\u00bb4.21.0&#8243; header_font=\u00bbTeko|500|||||||\u00bb header_text_color=\u00bb#FFFFFF\u00bb header_font_size=\u00bb28px\u00bb header_line_height=\u00bb1.4em\u00bb body_font=\u00bbLato||||||||\u00bb body_text_color=\u00bb#000000&#8243; body_font_size=\u00bb18px\u00bb body_line_height=\u00bb1.8em\u00bb text_orientation=\u00bbcenter\u00bb locked=\u00bboff\u00bb global_colors_info=\u00bb{}\u00bb][\/et_pb_blurb][\/et_pb_column][et_pb_column type=\u00bb1_3&#8243; _builder_version=\u00bb4.16&#8243; custom_padding=\u00bb|||\u00bb global_colors_info=\u00bb{}\u00bb custom_padding__hover=\u00bb|||\u00bb][et_pb_blurb title=\u00bbAmplio horario comercial\u00bb use_icon=\u00bbon\u00bb _builder_version=\u00bb4.21.0&#8243; header_font=\u00bbTeko|500|||||||\u00bb header_text_color=\u00bb#FFFFFF\u00bb header_font_size=\u00bb28px\u00bb header_line_height=\u00bb1.4em\u00bb body_font=\u00bbLato||||||||\u00bb body_text_color=\u00bb#000000&#8243; body_font_size=\u00bb18px\u00bb body_line_height=\u00bb1.8em\u00bb text_orientation=\u00bbcenter\u00bb locked=\u00bboff\u00bb global_colors_info=\u00bb{}\u00bb][\/et_pb_blurb][\/et_pb_column][\/et_pb_row][\/et_pb_section][et_pb_section fb_built=\u00bb1&#8243; _builder_version=\u00bb4.21.0&#8243; _module_preset=\u00bbdefault\u00bb background_color=\u00bb#000000&#8243; global_colors_info=\u00bb{}\u00bb][et_pb_row column_structure=\u00bb1_2,1_2&#8243; _builder_version=\u00bb4.21.0&#8243; _module_preset=\u00bbdefault\u00bb global_colors_info=\u00bb{}\u00bb][et_pb_column type=\u00bb1_2&#8243; _builder_version=\u00bb4.21.0&#8243; _module_preset=\u00bbdefault\u00bb global_colors_info=\u00bb{}\u00bb][et_pb_text _builder_version=\u00bb4.21.0&#8243; _module_preset=\u00bbdefault\u00bb global_colors_info=\u00bb{}\u00bb]<div class=\"et_pb_module et_pb_text et_pb_text_3  et_pb_text_align_left et_pb_bg_layout_dark\">\n<div class=\"et_pb_text_inner\">\n<p style=\"text-align: center;\"><strong>Direcci\u00f3n<\/strong><\/p>\n<p style=\"text-align: center;\">Lugar de Viloria 6.\nViloria de la jurisdicci\u00f3n. 24231 Le\u00f3n. Espa\u00f1a<\/p>\n<p style=\"text-align: center;\"><strong>Tel\u00e9fono\u00a0<\/strong><\/p>\n<p style=\"text-align: center;\"><strong><a href=\"tel:(+34) 659 484 361\">(+34) 659 484 361<\/a><\/strong><\/p>\n\n<\/div>\n<\/div>[\/et_pb_text][\/et_pb_column][et_pb_column type=\u00bb1_2&#8243; _builder_version=\u00bb4.21.0&#8243; _module_preset=\u00bbdefault\u00bb global_colors_info=\u00bb{}\u00bb][et_pb_text _builder_version=\u00bb4.21.0&#8243; _module_preset=\u00bbdefault\u00bb global_colors_info=\u00bb{}\u00bb]<div class=\"et_pb_module et_pb_text et_pb_text_3  et_pb_text_align_left et_pb_bg_layout_dark\">\n<div class=\"et_pb_text_inner\">\n<p style=\"text-align: center;\"><strong>Email<\/strong><\/p>\n<p style=\"text-align: center;\"><a href=\"mailto:Tdr.delrio@gmail.com\">Tdr.delrio@gmail.com<\/a><\/p>\n<p style=\"text-align: center;\">\n<\/div>\n<\/div>\n<div class=\"et_pb_module et_pb_text et_pb_text_4  et_pb_text_align_left et_pb_bg_layout_dark\">\n<div class=\"et_pb_text_inner\">\n<p style=\"text-align: center;\"><strong>Horario atenci\u00f3n al p\u00fablico<\/strong><\/p>\n<p style=\"text-align: center;\">Lunes a viernes de 08:00 a 19:00h.<\/p>\n<\/div>\n<\/div>[\/et_pb_text][\/et_pb_column][\/et_pb_row][\/et_pb_section]\n","protected":false},"excerpt":{"rendered":"<p>NUESTROS SERVICIOSTDR tu soluci\u00f3n Direcci\u00f3n Lugar de Viloria 6. Viloria de la jurisdicci\u00f3n. 24231 Le\u00f3n. Espa\u00f1a Tel\u00e9fono\u00a0 (+34) 659 484 361 Email Tdr.delrio@gmail.com Horario atenci\u00f3n al p\u00fablico Lunes a viernes de 08:00 a 19:00h.<\/p>\n","protected":false},"author":1,"featured_media":0,"parent":0,"menu_order":0,"comment_status":"closed","ping_status":"closed","template":"","meta":{"_et_pb_use_builder":"on","_et_pb_old_content":"","_et_gb_content_width":"","footnotes":""},"class_list":["post-101","page","type-page","status-publish","hentry"],"yoast_head":"<!-- This site is optimized with the Yoast SEO plugin v22.2 - https:\/\/yoast.com\/wordpress\/plugins\/seo\/ -->\n<title>SERVICIOS - Transportes del R\u00edo<\/title>\n<meta name=\"description\" content=\"De profesional a profesional. Especialistas en recambios de autom\u00f3vil. Amplio horario comercial. Somos tu empresa de confianza.\" \/>\n<meta name=\"robots\" content=\"index, follow, max-snippet:-1, max-image-preview:large, max-video-preview:-1\" \/>\n<link rel=\"canonical\" href=\"https:\/\/tdelrio.es\/index.php\/servicios\/\" \/>\n<meta property=\"og:locale\" content=\"es_ES\" \/>\n<meta property=\"og:type\" content=\"article\" \/>\n<meta property=\"og:title\" content=\"SERVICIOS - Transportes del R\u00edo\" \/>\n<meta property=\"og:description\" content=\"De profesional a profesional. Especialistas en recambios de autom\u00f3vil. Amplio horario comercial. Somos tu empresa de confianza.\" \/>\n<meta property=\"og:url\" content=\"https:\/\/tdelrio.es\/index.php\/servicios\/\" \/>\n<meta property=\"og:site_name\" content=\"Transportes del R\u00edo\" \/>\n<meta property=\"article:modified_time\" content=\"2024-03-12T10:01:33+00:00\" \/>\n<meta name=\"twitter:card\" content=\"summary_large_image\" \/>\n<meta name=\"twitter:label1\" content=\"Tiempo de lectura\" \/>\n\t<meta name=\"twitter:data1\" content=\"1 minuto\" \/>\n<script type=\"application\/ld+json\" class=\"yoast-schema-graph\">{\"@context\":\"https:\/\/schema.org\",\"@graph\":[{\"@type\":\"WebPage\",\"@id\":\"https:\/\/tdelrio.es\/index.php\/servicios\/\",\"url\":\"https:\/\/tdelrio.es\/index.php\/servicios\/\",\"name\":\"SERVICIOS - Transportes del R\u00edo\",\"isPartOf\":{\"@id\":\"https:\/\/tdelrio.es\/#website\"},\"datePublished\":\"2023-08-29T15:57:04+00:00\",\"dateModified\":\"2024-03-12T10:01:33+00:00\",\"description\":\"De profesional a profesional. Especialistas en recambios de autom\u00f3vil. Amplio horario comercial. Somos tu empresa de confianza.\",\"breadcrumb\":{\"@id\":\"https:\/\/tdelrio.es\/index.php\/servicios\/#breadcrumb\"},\"inLanguage\":\"es\",\"potentialAction\":[{\"@type\":\"ReadAction\",\"target\":[\"https:\/\/tdelrio.es\/index.php\/servicios\/\"]}]},{\"@type\":\"BreadcrumbList\",\"@id\":\"https:\/\/tdelrio.es\/index.php\/servicios\/#breadcrumb\",\"itemListElement\":[{\"@type\":\"ListItem\",\"position\":1,\"name\":\"Portada\",\"item\":\"https:\/\/tdelrio.es\/\"},{\"@type\":\"ListItem\",\"position\":2,\"name\":\"SERVICIOS\"}]},{\"@type\":\"WebSite\",\"@id\":\"https:\/\/tdelrio.es\/#website\",\"url\":\"https:\/\/tdelrio.es\/\",\"name\":\"Transportes del R\u00edo\",\"description\":\"\",\"potentialAction\":[{\"@type\":\"SearchAction\",\"target\":{\"@type\":\"EntryPoint\",\"urlTemplate\":\"https:\/\/tdelrio.es\/?s={search_term_string}\"},\"query-input\":\"required name=search_term_string\"}],\"inLanguage\":\"es\"}]}<\/script>\n<!-- \/ Yoast SEO plugin. -->","yoast_head_json":{"title":"SERVICIOS - Transportes del R\u00edo","description":"De profesional a profesional. Especialistas en recambios de autom\u00f3vil. Amplio horario comercial. Somos tu empresa de confianza.","robots":{"index":"index","follow":"follow","max-snippet":"max-snippet:-1","max-image-preview":"max-image-preview:large","max-video-preview":"max-video-preview:-1"},"canonical":"https:\/\/tdelrio.es\/index.php\/servicios\/","og_locale":"es_ES","og_type":"article","og_title":"SERVICIOS - Transportes del R\u00edo","og_description":"De profesional a profesional. Especialistas en recambios de autom\u00f3vil. Amplio horario comercial. Somos tu empresa de confianza.","og_url":"https:\/\/tdelrio.es\/index.php\/servicios\/","og_site_name":"Transportes del R\u00edo","article_modified_time":"2024-03-12T10:01:33+00:00","twitter_card":"summary_large_image","twitter_misc":{"Tiempo de lectura":"1 minuto"},"schema":{"@context":"https:\/\/schema.org","@graph":[{"@type":"WebPage","@id":"https:\/\/tdelrio.es\/index.php\/servicios\/","url":"https:\/\/tdelrio.es\/index.php\/servicios\/","name":"SERVICIOS - Transportes del R\u00edo","isPartOf":{"@id":"https:\/\/tdelrio.es\/#website"},"datePublished":"2023-08-29T15:57:04+00:00","dateModified":"2024-03-12T10:01:33+00:00","description":"De profesional a profesional. Especialistas en recambios de autom\u00f3vil. Amplio horario comercial. Somos tu empresa de confianza.","breadcrumb":{"@id":"https:\/\/tdelrio.es\/index.php\/servicios\/#breadcrumb"},"inLanguage":"es","potentialAction":[{"@type":"ReadAction","target":["https:\/\/tdelrio.es\/index.php\/servicios\/"]}]},{"@type":"BreadcrumbList","@id":"https:\/\/tdelrio.es\/index.php\/servicios\/#breadcrumb","itemListElement":[{"@type":"ListItem","position":1,"name":"Portada","item":"https:\/\/tdelrio.es\/"},{"@type":"ListItem","position":2,"name":"SERVICIOS"}]},{"@type":"WebSite","@id":"https:\/\/tdelrio.es\/#website","url":"https:\/\/tdelrio.es\/","name":"Transportes del R\u00edo","description":"","potentialAction":[{"@type":"SearchAction","target":{"@type":"EntryPoint","urlTemplate":"https:\/\/tdelrio.es\/?s={search_term_string}"},"query-input":"required name=search_term_string"}],"inLanguage":"es"}]}},"_links":{"self":[{"href":"https:\/\/tdelrio.es\/index.php\/wp-json\/wp\/v2\/pages\/101","targetHints":{"allow":["GET"]}}],"collection":[{"href":"https:\/\/tdelrio.es\/index.php\/wp-json\/wp\/v2\/pages"}],"about":[{"href":"https:\/\/tdelrio.es\/index.php\/wp-json\/wp\/v2\/types\/page"}],"author":[{"embeddable":true,"href":"https:\/\/tdelrio.es\/index.php\/wp-json\/wp\/v2\/users\/1"}],"replies":[{"embeddable":true,"href":"https:\/\/tdelrio.es\/index.php\/wp-json\/wp\/v2\/comments?post=101"}],"version-history":[{"count":14,"href":"https:\/\/tdelrio.es\/index.php\/wp-json\/wp\/v2\/pages\/101\/revisions"}],"predecessor-version":[{"id":274,"href":"https:\/\/tdelrio.es\/index.php\/wp-json\/wp\/v2\/pages\/101\/revisions\/274"}],"wp:attachment":[{"href":"https:\/\/tdelrio.es\/index.php\/wp-json\/wp\/v2\/media?parent=101"}],"curies":[{"name":"wp","href":"https:\/\/api.w.org\/{rel}","templated":true}]}}